{"id":478,"date":"2014-07-31T21:48:57","date_gmt":"2014-07-31T20:48:57","guid":{"rendered":"http:\/\/ecolesprivees-maternellesetprimaires-vitre.fr\/saintetherese\/?page_id=478"},"modified":"2024-10-24T15:02:58","modified_gmt":"2024-10-24T14:02:58","slug":"restauration-cantine","status":"publish","type":"page","link":"https:\/\/ecolesprivees-maternellesetprimaires-vitre.fr\/saintetherese\/restauration-cantine\/","title":{"rendered":"Restauration &#8211; Cantine"},"content":{"rendered":"<div class=\"wpb-content-wrapper\">[vc_row][vc_column]<style>.vcex-heading.vcex_69eb85f65c9fc .vcex-heading-inner{border-color:#49a6e1;}.vcex-heading.vcex_69eb85f65c9fc{border-color:#e8e8e8;font-size:36px;}<\/style><div class=\"vcex-heading vcex-heading-bottom-border-w-color vcex-module wpex-heading wpex-text-2xl wpex-border-b-2 wpex-border-solid wpex-border-main vcex_69eb85f65c9fc\"><span class=\"vcex-heading-inner wpex-inline-block wpex-relative wpex-pb-5 wpex-border-b-2 wpex-border-solid wpex-border-accent\">Restauration - Cantine<\/span><\/div>[vc_column_text]\n<h3>Philippe est notre chef cuisinier. Il est aid\u00e9 de Sophie et Anne.<\/h3>\n<p>Chaque midi, les \u00e9l\u00e8ves peuvent d\u00e9guster de bons petits plats, cuisin\u00e9s \u00e0 base de produits frais. Philippe, chef cuisinier, s\u2019attache \u00e0 travailler avec un maximum de producteurs locaux. Il introduit \u00e9galement des produits bio \u00e0 ses menus.<\/p>\n<p>Les \u00e9l\u00e8ves d\u00e9jeunent sur deux services\u00a0:<br \/>\n11h30-12h15\u00a0: Service des petites sections<br \/>\n12h15-13h\u00a0: Service des moyennes et grandes sections.<\/p>\n<p style=\"text-align: center\"><a href=\"https:\/\/ecolesprivees-maternellesetprimaires-vitre.fr\/saintetherese\/wp-content\/uploads\/sites\/8\/2024\/10\/equipe-cuisine.jpg\"><img loading=\"lazy\" decoding=\"async\" class=\"alignnone wp-image-5467 size-medium\" src=\"https:\/\/ecolesprivees-maternellesetprimaires-vitre.fr\/saintetherese\/wp-content\/uploads\/sites\/8\/2024\/10\/equipe-cuisine-300x225.jpg\" alt=\"\" width=\"300\" height=\"225\" srcset=\"https:\/\/ecolesprivees-maternellesetprimaires-vitre.fr\/saintetherese\/wp-content\/uploads\/sites\/8\/2024\/10\/equipe-cuisine-300x225.jpg 300w, https:\/\/ecolesprivees-maternellesetprimaires-vitre.fr\/saintetherese\/wp-content\/uploads\/sites\/8\/2024\/10\/equipe-cuisine.jpg 533w\" sizes=\"auto, (max-width: 300px) 100vw, 300px\" \/><\/a><\/p>\n<p>Philippe propose \u00e9galement des animations culinaires, particuli\u00e8rement appr\u00e9ci\u00e9es des \u00e9l\u00e8ves.[\/vc_column_text]<div class=\"vcex-spacing wpex-w-100 wpex-clear\"><\/div>[\/vc_column][\/vc_row][vc_row][vc_column][vc_column_text]\n[\/vc_column_text][\/vc_column][\/vc_row][vc_row][vc_column][\/vc_column][\/vc_row][vc_row][vc_column][\/vc_column][\/vc_row][vc_row][vc_column][\/vc_column][\/vc_row]\n<\/div>","protected":false},"excerpt":{"rendered":"<p>[vc_row][vc_column][vc_column_text] Philippe est notre chef cuisinier. Il est aid\u00e9 de Sophie et Anne. Chaque midi, les \u00e9l\u00e8ves peuvent d\u00e9guster de bons petits plats, cuisin\u00e9s \u00e0 base de produits frais. Philippe, chef cuisinier, s\u2019attache \u00e0 travailler avec un maximum de producteurs locaux. Il introduit \u00e9galement des produits bio \u00e0 ses menus. Les \u00e9l\u00e8ves d\u00e9jeunent sur deux&hellip;<\/p>\n","protected":false},"author":1,"featured_media":0,"parent":0,"menu_order":0,"comment_status":"open","ping_status":"closed","template":"","meta":{"footnotes":""},"class_list":["post-478","page","type-page","status-publish","hentry","entry","no-media"],"aioseo_notices":[],"_links":{"self":[{"href":"https:\/\/ecolesprivees-maternellesetprimaires-vitre.fr\/saintetherese\/wp-json\/wp\/v2\/pages\/478","targetHints":{"allow":["GET"]}}],"collection":[{"href":"https:\/\/ecolesprivees-maternellesetprimaires-vitre.fr\/saintetherese\/wp-json\/wp\/v2\/pages"}],"about":[{"href":"https:\/\/ecolesprivees-maternellesetprimaires-vitre.fr\/saintetherese\/wp-json\/wp\/v2\/types\/page"}],"author":[{"embeddable":true,"href":"https:\/\/ecolesprivees-maternellesetprimaires-vitre.fr\/saintetherese\/wp-json\/wp\/v2\/users\/1"}],"replies":[{"embeddable":true,"href":"https:\/\/ecolesprivees-maternellesetprimaires-vitre.fr\/saintetherese\/wp-json\/wp\/v2\/comments?post=478"}],"version-history":[{"count":40,"href":"https:\/\/ecolesprivees-maternellesetprimaires-vitre.fr\/saintetherese\/wp-json\/wp\/v2\/pages\/478\/revisions"}],"predecessor-version":[{"id":5470,"href":"https:\/\/ecolesprivees-maternellesetprimaires-vitre.fr\/saintetherese\/wp-json\/wp\/v2\/pages\/478\/revisions\/5470"}],"wp:attachment":[{"href":"https:\/\/ecolesprivees-maternellesetprimaires-vitre.fr\/saintetherese\/wp-json\/wp\/v2\/media?parent=478"}],"curies":[{"name":"wp","href":"https:\/\/api.w.org\/{rel}","templated":true}]}}