{"id":527,"date":"2014-07-31T22:49:11","date_gmt":"2014-07-31T21:49:11","guid":{"rendered":"https:\/\/ecolesprivees-maternellesetprimaires-vitre.fr\/saintebernadette\/?page_id=527"},"modified":"2025-10-22T10:22:32","modified_gmt":"2025-10-22T09:22:32","slug":"ecole-ste-bernadette-accueil","status":"publish","type":"page","link":"https:\/\/ecolesprivees-maternellesetprimaires-vitre.fr\/saintebernadette\/","title":{"rendered":"Accueil"},"content":{"rendered":"<div class=\"wpb-content-wrapper\">[vc_row][vc_column]<style>.vcex-heading.vcex_69eb81103cc50 .vcex-heading-inner{border-color:#f5c81d;}.vcex-heading.vcex_69eb81103cc50{border-color:#e8e8e8;font-size:36px;}<\/style><div class=\"vcex-heading vcex-heading-bottom-border-w-color vcex-module wpex-heading wpex-text-2xl wpex-border-b-2 wpex-border-solid wpex-border-main vcex_69eb81103cc50\"><span class=\"vcex-heading-inner wpex-inline-block wpex-relative wpex-pb-5 wpex-border-b-2 wpex-border-solid wpex-border-accent\">Accueil<\/span><\/div><div class=\"vcex-spacing wpex-w-100 wpex-clear\" style=\"height:40px;\"><\/div>[vc_single_image image=\u00a0\u00bb4422&Prime;][vc_column_text css=\u00a0\u00bb\u00a0\u00bb color=\u00a0\u00bb#000000&Prime;]\n<h2>L&rsquo;\u00e9cole Sainte-Bernadette de Vitr\u00e9 est une \u00e9cole maternelle de 4 classes, allant de la TPS \u00e0 la GS :<\/h2>\n<p>&#8211; <strong>Classe de TPS-PS-GS<\/strong><\/p>\n<p>Enseignantes : Aur\u00e9lie RUSSO, cheffe d&rsquo;\u00e9tablissement (en classe le lundi, le jeudi, le vendredi- direction le mardi) et Priscilla DRID le mardi<\/p>\n<p>ASEM : Patricia BRUNEAU<\/p>\n<p>&#8211; <strong>Classe de TPS-PS-GS\u00a0<\/strong><\/p>\n<p>Enseignante : Anne-Sophie BLOT<\/p>\n<p>ASEM: Alice PASQUET<\/p>\n<p>&#8211; <strong>Classe de TPS-PS-MS<\/strong><\/p>\n<p>Enseignante : Am\u00e9lie BETTON<\/p>\n<p>ASEM : Aude LE CROM<\/p>\n<p>&#8211; <strong>Classe de TPS-PS-MS<\/strong><\/p>\n<p>Enseignante : Catherine LEPAGE<\/p>\n<p>ASEM : Typhaine MAZURAIS<\/p>\n<p>Agent de r\u00e9fectoire et garderie : Aurore DUGAST-LECONTE<\/p>\n<p>&nbsp;<\/p>\n<div id=\"gallery-1\" class=\"wpex-gallery wpex-grid wpex-grid-cols-3 wpex-gap-20 wpex-lightbox-group\"><figure class=\"gallery-item\"><a href=\"https:\/\/ecolesprivees-maternellesetprimaires-vitre.fr\/saintebernadette\/wp-content\/uploads\/sites\/10\/2025\/10\/IMG_3768.jpeg\" class=\"wpex-lightbox-group-item\" data-caption=\"cr\u00e9dit photo Mathilde Bruand- \u00e9quipe ann\u00e9e scolaire 2024-25\"><img loading=\"lazy\" decoding=\"async\" src=\"https:\/\/ecolesprivees-maternellesetprimaires-vitre.fr\/saintebernadette\/wp-content\/uploads\/sites\/10\/2025\/10\/IMG_3768.jpeg\" alt=\"\" srcset=\"https:\/\/ecolesprivees-maternellesetprimaires-vitre.fr\/saintebernadette\/wp-content\/uploads\/sites\/10\/2025\/10\/IMG_3768.jpeg 688w, https:\/\/ecolesprivees-maternellesetprimaires-vitre.fr\/saintebernadette\/wp-content\/uploads\/sites\/10\/2025\/10\/IMG_3768-300x174.jpeg 300w\" width=\"688\" height=\"400\"><\/a><figcaption class=\"gallery-caption wpex-last-mb-0\">cr\u00e9dit photo Mathilde Bruand- \u00e9quipe ann\u00e9e scolaire 2024-25<\/figcaption><\/figure><\/div>\n\n<h2>Horaires de classe\u00a0 :<\/h2>\n<p>Le matin\u00a0: 8H30-11H35<br \/>\nL&rsquo;apr\u00e8s-midi\u00a0: 13H20-16H30<\/p>\n<h2>Horaires de garderie\u00a0 :<\/h2>\n<p>Le matin : 7H15-8H20<br \/>\nL&rsquo;apr\u00e8s-midi : 16H45-18H45<\/p>\n<h2>Si vous souhaitez d\u00e9couvrir notre \u00e9cole et nos projets, n&rsquo;h\u00e9sitez pas \u00e0 nous contacter soit par t\u00e9l\u00e9phone au 02 99 75 27 37 soit en remplissant notre formulaire de contact. Je serai ravie de vous accueillir au sein de notre \u00e9tablissement.<\/h2>\n<p>Aur\u00e9lie RUSSO, cheffe d&rsquo; \u00e9tablissement[\/vc_column_text][\/vc_column][\/vc_row][vc_row css=\u00a0\u00bb.vc_custom_1468230899253{margin-top: 30px !important;}\u00a0\u00bb][vc_column]<style>.vcex-heading.vcex_69eb81103dc06 .vcex-heading-inner{border-color:#f5c81d;}.vcex-heading.vcex_69eb81103dc06{border-color:#e8e8e8;font-size:36px;}<\/style><div class=\"vcex-heading vcex-heading-bottom-border-w-color vcex-module wpex-heading wpex-text-2xl wpex-border-b-2 wpex-border-solid wpex-border-main vcex_69eb81103dc06\"><span class=\"vcex-heading-inner wpex-inline-block wpex-relative wpex-pb-5 wpex-border-b-2 wpex-border-solid wpex-border-accent\">Actualit\u00e9s<br \/>\nPortes ouvertes le samedi 29 novembre 2025 de 10h \u00e0 12h30<\/span><\/div><div class=\"vcex-spacing wpex-w-100 wpex-clear\"><\/div><div class=\"vcex-spacing wpex-w-100 wpex-clear\"><\/div><div class=\"wpex-slider-preloaderimg wpex-relative\"><img data-no-lazy=\"1\" class=\"skip-lazy\" src=\"https:\/\/ecolesprivees-maternellesetprimaires-vitre.fr\/saintebernadette\/wp-content\/uploads\/sites\/10\/2025\/10\/Capture-decran-2025-10-21-a-15.24.48.png\" alt=\"\" srcset=\"https:\/\/ecolesprivees-maternellesetprimaires-vitre.fr\/saintebernadette\/wp-content\/uploads\/sites\/10\/2025\/10\/Capture-decran-2025-10-21-a-15.24.48.png 272w, https:\/\/ecolesprivees-maternellesetprimaires-vitre.fr\/saintebernadette\/wp-content\/uploads\/sites\/10\/2025\/10\/Capture-decran-2025-10-21-a-15.24.48-204x300.png 204w\" width=\"272\" height=\"400\"><\/div><div class=\"vcex-image-slider vcex-module wpex-slider slider-pro wpex-clr\" data-thumbnails=\"true\"><div class=\"wpex-slider-slides sp-slides\"><div class=\"wpex-slider-slide sp-slide\"><div class=\"wpex-slider-media wpex-relative\"><img data-no-lazy=\"1\" class=\"skip-lazy\" src=\"https:\/\/ecolesprivees-maternellesetprimaires-vitre.fr\/saintebernadette\/wp-content\/uploads\/sites\/10\/2025\/10\/Capture-decran-2025-10-21-a-15.24.48.png\" alt=\"\" srcset=\"https:\/\/ecolesprivees-maternellesetprimaires-vitre.fr\/saintebernadette\/wp-content\/uploads\/sites\/10\/2025\/10\/Capture-decran-2025-10-21-a-15.24.48.png 272w, https:\/\/ecolesprivees-maternellesetprimaires-vitre.fr\/saintebernadette\/wp-content\/uploads\/sites\/10\/2025\/10\/Capture-decran-2025-10-21-a-15.24.48-204x300.png 204w\" width=\"272\" height=\"400\"><\/div><\/div><\/div><div class=\"wpex-slider-thumbnails sp-thumbnails\"><img data-no-lazy=\"1\" class=\"wpex-slider-thumbnail sp-thumbnail skip-lazy\" src=\"https:\/\/ecolesprivees-maternellesetprimaires-vitre.fr\/saintebernadette\/wp-content\/uploads\/sites\/10\/2025\/10\/Capture-decran-2025-10-21-a-15.24.48.png\" alt=\"\" srcset=\"https:\/\/ecolesprivees-maternellesetprimaires-vitre.fr\/saintebernadette\/wp-content\/uploads\/sites\/10\/2025\/10\/Capture-decran-2025-10-21-a-15.24.48.png 272w, https:\/\/ecolesprivees-maternellesetprimaires-vitre.fr\/saintebernadette\/wp-content\/uploads\/sites\/10\/2025\/10\/Capture-decran-2025-10-21-a-15.24.48-204x300.png 204w\" width=\"272\" height=\"400\"><\/div><\/div><div class=\"vcex-spacing wpex-w-100 wpex-clear\"><\/div>[\/vc_column][\/vc_row]\n<\/div>","protected":false},"excerpt":{"rendered":"<p>[vc_row][vc_column][vc_single_image image=\u00a0\u00bb4422&Prime;][vc_column_text css=\u00a0\u00bb\u00a0\u00bb color=\u00a0\u00bb#000000&Prime;] L&rsquo;\u00e9cole Sainte-Bernadette de Vitr\u00e9 est une \u00e9cole maternelle de 4 classes, allant de la TPS \u00e0 la GS : &#8211; Classe de TPS-PS-GS Enseignantes : Aur\u00e9lie RUSSO, cheffe d&rsquo;\u00e9tablissement (en classe le lundi, le jeudi, le vendredi- direction le mardi) et Priscilla DRID le mardi ASEM : Patricia BRUNEAU &#8211; Classe&hellip;<\/p>\n","protected":false},"author":1,"featured_media":0,"parent":0,"menu_order":0,"comment_status":"open","ping_status":"closed","template":"","meta":{"footnotes":""},"class_list":["post-527","page","type-page","status-publish","hentry","entry","no-media"],"aioseo_notices":[],"_links":{"self":[{"href":"https:\/\/ecolesprivees-maternellesetprimaires-vitre.fr\/saintebernadette\/wp-json\/wp\/v2\/pages\/527","targetHints":{"allow":["GET"]}}],"collection":[{"href":"https:\/\/ecolesprivees-maternellesetprimaires-vitre.fr\/saintebernadette\/wp-json\/wp\/v2\/pages"}],"about":[{"href":"https:\/\/ecolesprivees-maternellesetprimaires-vitre.fr\/saintebernadette\/wp-json\/wp\/v2\/types\/page"}],"author":[{"embeddable":true,"href":"https:\/\/ecolesprivees-maternellesetprimaires-vitre.fr\/saintebernadette\/wp-json\/wp\/v2\/users\/1"}],"replies":[{"embeddable":true,"href":"https:\/\/ecolesprivees-maternellesetprimaires-vitre.fr\/saintebernadette\/wp-json\/wp\/v2\/comments?post=527"}],"version-history":[{"count":61,"href":"https:\/\/ecolesprivees-maternellesetprimaires-vitre.fr\/saintebernadette\/wp-json\/wp\/v2\/pages\/527\/revisions"}],"predecessor-version":[{"id":7432,"href":"https:\/\/ecolesprivees-maternellesetprimaires-vitre.fr\/saintebernadette\/wp-json\/wp\/v2\/pages\/527\/revisions\/7432"}],"wp:attachment":[{"href":"https:\/\/ecolesprivees-maternellesetprimaires-vitre.fr\/saintebernadette\/wp-json\/wp\/v2\/media?parent=527"}],"curies":[{"name":"wp","href":"https:\/\/api.w.org\/{rel}","templated":true}]}}