{"id":4620,"date":"2016-07-22T08:36:39","date_gmt":"2016-07-22T07:36:39","guid":{"rendered":"https:\/\/ecolesprivees-maternellesetprimaires-vitre.fr\/saintebernadette\/?page_id=4620"},"modified":"2025-10-21T15:20:52","modified_gmt":"2025-10-21T14:20:52","slug":"restauration-cantine","status":"publish","type":"page","link":"https:\/\/ecolesprivees-maternellesetprimaires-vitre.fr\/saintebernadette\/restauration-cantine\/","title":{"rendered":"Restauration &#8211; Cantine"},"content":{"rendered":"<div class=\"wpb-content-wrapper\">[vc_row][vc_column]<style>.vcex-heading.vcex_69eb81103cc65 .vcex-heading-inner{border-color:#f5c81d;}.vcex-heading.vcex_69eb81103cc65{border-color:#e8e8e8;font-size:36px;}<\/style><div class=\"vcex-heading vcex-heading-bottom-border-w-color vcex-module wpex-heading wpex-text-2xl wpex-border-b-2 wpex-border-solid wpex-border-main vcex_69eb81103cc65\"><span class=\"vcex-heading-inner wpex-inline-block wpex-relative wpex-pb-5 wpex-border-b-2 wpex-border-solid wpex-border-accent\">Restauration - Cantine<\/span><\/div>[vc_column_text]\n<p style=\"text-align: right\">&gt; <code><a href=\"#menu\"> Les menus<\/a><\/code><\/p>\n[\/vc_column_text][vc_column_text css=\u00a0\u00bb\u00a0\u00bb]\n<h3>Notre chef cuisinier est Romain.<\/h3>\n<p>Les repas sont pr\u00e9par\u00e9s par Convivio dans les locaux de l\u2019\u00e9cole Sainte Th\u00e9r\u00e8se.<br \/>\nIls sont livr\u00e9s en liaison chaude.<br \/>\nNous avons 2 services de cantine :<\/p>\n<ul>\n<li>1er service : TPS-PS de 11h35 \u00e0 12h15<\/li>\n<li>2\u00e8me service : MS-GS de 12h20 \u00e0 13h<\/li>\n<\/ul>\n[\/vc_column_text][vc_single_image image=\u00a0\u00bb4844&Prime; css=\u00a0\u00bb.vc_custom_1477474617799{margin-top: 30px !important;margin-bottom: 30px !important;}\u00a0\u00bb][vc_single_image image=\u00a0\u00bb4843&Prime;]<div class=\"vcex-spacing wpex-w-100 wpex-clear\"><\/div>[\/vc_column][\/vc_row][vc_row][\/vc_row][vc_column][\/vc_column]<div class=\"vcex-module vcex-divider vcex-divider-double vcex-divider-center wpex-mx-auto wpex-block wpex-h-0 wpex-border-y wpex-border-solid wpex-border-main wpex-pb-5\" style=\"margin-block:30px;\"><\/div>[vc_column_text]\n<p>I am text block. Click edit button to change this text. Lorem ipsum dolor sit amet, consectetur adipiscing elit. Ut elit tellus, luctus nec ullamcorper mattis, pulvinar dapibus leo.<\/p>\n[\/vc_column_text]\n<\/div>","protected":false},"excerpt":{"rendered":"<p>[vc_row][vc_column][vc_column_text] &gt; Les menus [\/vc_column_text][vc_column_text css=\u00a0\u00bb\u00a0\u00bb] Notre chef cuisinier est Romain. Les repas sont pr\u00e9par\u00e9s par Convivio dans les locaux de l\u2019\u00e9cole Sainte Th\u00e9r\u00e8se. Ils sont livr\u00e9s en liaison chaude. Nous avons 2 services de cantine : 1er service : TPS-PS de 11h35 \u00e0 12h15 2\u00e8me service : MS-GS de 12h20 \u00e0 13h [\/vc_column_text][vc_single_image image=\u00a0\u00bb4844&Prime;&hellip;<\/p>\n","protected":false},"author":1,"featured_media":0,"parent":0,"menu_order":0,"comment_status":"open","ping_status":"closed","template":"","meta":{"footnotes":""},"class_list":["post-4620","page","type-page","status-publish","hentry","entry","no-media"],"aioseo_notices":[],"_links":{"self":[{"href":"https:\/\/ecolesprivees-maternellesetprimaires-vitre.fr\/saintebernadette\/wp-json\/wp\/v2\/pages\/4620","targetHints":{"allow":["GET"]}}],"collection":[{"href":"https:\/\/ecolesprivees-maternellesetprimaires-vitre.fr\/saintebernadette\/wp-json\/wp\/v2\/pages"}],"about":[{"href":"https:\/\/ecolesprivees-maternellesetprimaires-vitre.fr\/saintebernadette\/wp-json\/wp\/v2\/types\/page"}],"author":[{"embeddable":true,"href":"https:\/\/ecolesprivees-maternellesetprimaires-vitre.fr\/saintebernadette\/wp-json\/wp\/v2\/users\/1"}],"replies":[{"embeddable":true,"href":"https:\/\/ecolesprivees-maternellesetprimaires-vitre.fr\/saintebernadette\/wp-json\/wp\/v2\/comments?post=4620"}],"version-history":[{"count":19,"href":"https:\/\/ecolesprivees-maternellesetprimaires-vitre.fr\/saintebernadette\/wp-json\/wp\/v2\/pages\/4620\/revisions"}],"predecessor-version":[{"id":7416,"href":"https:\/\/ecolesprivees-maternellesetprimaires-vitre.fr\/saintebernadette\/wp-json\/wp\/v2\/pages\/4620\/revisions\/7416"}],"wp:attachment":[{"href":"https:\/\/ecolesprivees-maternellesetprimaires-vitre.fr\/saintebernadette\/wp-json\/wp\/v2\/media?parent=4620"}],"curies":[{"name":"wp","href":"https:\/\/api.w.org\/{rel}","templated":true}]}}