{"id":4606,"date":"2016-07-22T08:09:43","date_gmt":"2016-07-22T07:09:43","guid":{"rendered":"https:\/\/ecolesprivees-maternellesetprimaires-vitre.fr\/saintebernadette\/?page_id=4606"},"modified":"2025-10-22T09:52:47","modified_gmt":"2025-10-22T08:52:47","slug":"projets-actions","status":"publish","type":"page","link":"https:\/\/ecolesprivees-maternellesetprimaires-vitre.fr\/saintebernadette\/projets-actions\/","title":{"rendered":"Projets &#8211; Actions"},"content":{"rendered":"<div class=\"wpb-content-wrapper\">[vc_row][vc_column]<style>.vcex-heading.vcex_69eb810897065 .vcex-heading-inner{border-color:#f5c81d;}.vcex-heading.vcex_69eb810897065{border-color:#e8e8e8;font-size:36px;}<\/style><div class=\"vcex-heading vcex-heading-bottom-border-w-color vcex-module wpex-heading wpex-text-2xl wpex-border-b-2 wpex-border-solid wpex-border-main vcex_69eb810897065\"><span class=\"vcex-heading-inner wpex-inline-block wpex-relative wpex-pb-5 wpex-border-b-2 wpex-border-solid wpex-border-accent\">Projets - Actions<\/span><\/div><div class=\"vcex-spacing wpex-w-100 wpex-clear\"><\/div>[vc_column_text css_animation=\u00a0\u00bbright-to-left\u00a0\u00bb css=\u00a0\u00bb\u00a0\u00bb]Chaque ann\u00e9e, l\u2019\u00e9quipe p\u00e9dagogique choisit un th\u00e8me pour travailler le vocabulaire, le langage ou encore les arts visuels. Ce th\u00e8me permet aux \u00e9l\u00e8ves de d\u00e9couvrir et s&rsquo;int\u00e9resser au monde qui les entoure.<\/p>\n<h3 style=\"text-align: center\">Th\u00e8me de l&rsquo;ann\u00e9e 2024-2025 : les animaux<\/h3>\n<h3 style=\"text-align: center\"><a href=\"https:\/\/ecolesprivees-maternellesetprimaires-vitre.fr\/saintebernadette\/wp-content\/uploads\/sites\/10\/2025\/10\/IMG_1280-3.jpg\"><img loading=\"lazy\" decoding=\"async\" class=\"size-medium wp-image-7402 aligncenter\" src=\"https:\/\/ecolesprivees-maternellesetprimaires-vitre.fr\/saintebernadette\/wp-content\/uploads\/sites\/10\/2025\/10\/IMG_1280-3-300x225.jpg\" alt=\"\" width=\"300\" height=\"225\" srcset=\"https:\/\/ecolesprivees-maternellesetprimaires-vitre.fr\/saintebernadette\/wp-content\/uploads\/sites\/10\/2025\/10\/IMG_1280-3-300x225.jpg 300w, https:\/\/ecolesprivees-maternellesetprimaires-vitre.fr\/saintebernadette\/wp-content\/uploads\/sites\/10\/2025\/10\/IMG_1280-3.jpg 533w\" sizes=\"auto, (max-width: 300px) 100vw, 300px\" \/><\/a><\/h3>\n[\/vc_column_text]<div class=\"vcex-module vcex-divider vcex-divider-double vcex-divider-center wpex-mx-auto wpex-block wpex-h-0 wpex-border-y wpex-border-solid wpex-border-main wpex-pb-5\" style=\"margin-block:30px;\"><\/div>[vc_column_text css=\u00a0\u00bb\u00a0\u00bb]\n<p style=\"text-align: center\"><strong>Pour l&rsquo;ann\u00e9e scolaire 2025-2026, notre th\u00e8me sera \u00ab\u00a0Une ann\u00e9e \u00e0 croquer\u00a0\u00bb<\/strong><\/p>\n<p>Au programme pour cette ann\u00e9e riche en go\u00fbt :<\/p>\n<ul>\n<li>Le spectacle \u00ab\u00a0Le palais des 5 sens\u00a0\u00bb au moment de No\u00ebl<\/li>\n<li>La visite d&rsquo;une boulangerie<\/li>\n<li>Des ateliers culinaires avec un intervenant<\/li>\n<li>L&rsquo;organisation d&rsquo;un petit d\u00e9jeuner \u00e9quilibr\u00e9<\/li>\n<li>Et bien s\u00fbr de la cuisine dans chaque classe !<\/li>\n<\/ul>\n<p><a href=\"https:\/\/ecolesprivees-maternellesetprimaires-vitre.fr\/saintebernadette\/wp-content\/uploads\/sites\/10\/2025\/10\/9f9af5d5-3f84-4286-a195-1f10156281dd.jpeg\"><img loading=\"lazy\" decoding=\"async\" class=\"size-medium wp-image-7404 aligncenter\" src=\"https:\/\/ecolesprivees-maternellesetprimaires-vitre.fr\/saintebernadette\/wp-content\/uploads\/sites\/10\/2025\/10\/9f9af5d5-3f84-4286-a195-1f10156281dd-300x225.jpeg\" alt=\"\" width=\"300\" height=\"225\" srcset=\"https:\/\/ecolesprivees-maternellesetprimaires-vitre.fr\/saintebernadette\/wp-content\/uploads\/sites\/10\/2025\/10\/9f9af5d5-3f84-4286-a195-1f10156281dd-300x225.jpeg 300w, https:\/\/ecolesprivees-maternellesetprimaires-vitre.fr\/saintebernadette\/wp-content\/uploads\/sites\/10\/2025\/10\/9f9af5d5-3f84-4286-a195-1f10156281dd.jpeg 533w\" sizes=\"auto, (max-width: 300px) 100vw, 300px\" \/><\/a>[\/vc_column_text]<div class=\"vcex-module vcex-divider vcex-divider-double vcex-divider-center wpex-mx-auto wpex-block wpex-h-0 wpex-border-y wpex-border-solid wpex-border-main wpex-pb-5\" style=\"margin-block:30px;\"><\/div>[\/vc_column][\/vc_row]\n<\/div>","protected":false},"excerpt":{"rendered":"<p>[vc_row][vc_column][vc_column_text css_animation=\u00a0\u00bbright-to-left\u00a0\u00bb css=\u00a0\u00bb\u00a0\u00bb]Chaque ann\u00e9e, l\u2019\u00e9quipe p\u00e9dagogique choisit un th\u00e8me pour travailler le vocabulaire, le langage ou encore les arts visuels. Ce th\u00e8me permet aux \u00e9l\u00e8ves de d\u00e9couvrir et s&rsquo;int\u00e9resser au monde qui les entoure. Th\u00e8me de l&rsquo;ann\u00e9e 2024-2025 : les animaux [\/vc_column_text][vc_column_text css=\u00a0\u00bb\u00a0\u00bb] Pour l&rsquo;ann\u00e9e scolaire 2025-2026, notre th\u00e8me sera \u00ab\u00a0Une ann\u00e9e \u00e0 croquer\u00a0\u00bb Au&hellip;<\/p>\n","protected":false},"author":1,"featured_media":0,"parent":0,"menu_order":0,"comment_status":"open","ping_status":"closed","template":"","meta":{"footnotes":""},"class_list":["post-4606","page","type-page","status-publish","hentry","entry","no-media"],"aioseo_notices":[],"_links":{"self":[{"href":"https:\/\/ecolesprivees-maternellesetprimaires-vitre.fr\/saintebernadette\/wp-json\/wp\/v2\/pages\/4606","targetHints":{"allow":["GET"]}}],"collection":[{"href":"https:\/\/ecolesprivees-maternellesetprimaires-vitre.fr\/saintebernadette\/wp-json\/wp\/v2\/pages"}],"about":[{"href":"https:\/\/ecolesprivees-maternellesetprimaires-vitre.fr\/saintebernadette\/wp-json\/wp\/v2\/types\/page"}],"author":[{"embeddable":true,"href":"https:\/\/ecolesprivees-maternellesetprimaires-vitre.fr\/saintebernadette\/wp-json\/wp\/v2\/users\/1"}],"replies":[{"embeddable":true,"href":"https:\/\/ecolesprivees-maternellesetprimaires-vitre.fr\/saintebernadette\/wp-json\/wp\/v2\/comments?post=4606"}],"version-history":[{"count":20,"href":"https:\/\/ecolesprivees-maternellesetprimaires-vitre.fr\/saintebernadette\/wp-json\/wp\/v2\/pages\/4606\/revisions"}],"predecessor-version":[{"id":7427,"href":"https:\/\/ecolesprivees-maternellesetprimaires-vitre.fr\/saintebernadette\/wp-json\/wp\/v2\/pages\/4606\/revisions\/7427"}],"wp:attachment":[{"href":"https:\/\/ecolesprivees-maternellesetprimaires-vitre.fr\/saintebernadette\/wp-json\/wp\/v2\/media?parent=4606"}],"curies":[{"name":"wp","href":"https:\/\/api.w.org\/{rel}","templated":true}]}}