{"id":481,"date":"2014-07-31T21:50:07","date_gmt":"2014-07-31T20:50:07","guid":{"rendered":"http:\/\/ecolesprivees-maternellesetprimaires-vitre.fr\/notredame\/?page_id=481"},"modified":"2024-01-19T14:35:43","modified_gmt":"2024-01-19T13:35:43","slug":"lapel-notre-dame","status":"publish","type":"page","link":"https:\/\/ecolesprivees-maternellesetprimaires-vitre.fr\/notredame\/lapel-notre-dame\/","title":{"rendered":"L&rsquo;APEL Notre Dame"},"content":{"rendered":"<div class=\"wpb-content-wrapper\">[vc_row][vc_column]<style>.vcex-heading.vcex_69eb830e162da .vcex-heading-inner{border-color:#e94b46;}.vcex-heading.vcex_69eb830e162da{border-color:#e8e8e8;font-size:36px;}<\/style><div class=\"vcex-heading vcex-heading-bottom-border-w-color vcex-module wpex-heading wpex-text-2xl wpex-border-b-2 wpex-border-solid wpex-border-main vcex_69eb830e162da\"><span class=\"vcex-heading-inner wpex-inline-block wpex-relative wpex-pb-5 wpex-border-b-2 wpex-border-solid wpex-border-accent\">L'APEL Notre Dame<\/span><\/div><div class=\"vcex-spacing wpex-w-100 wpex-clear\"><\/div>[vc_column_text]L\u2019association se compose de\u00a035 membres.<\/p>\n<h3>Bureau de l\u2019APEL<\/h3>\n<p>Co-Pr\u00e9sidentes: Cyrielle LE GUEN, Coralie HULIN<br \/>\nVice-pr\u00e9sident: Marc VEILLARD<\/p>\n<p>Tr\u00e9sori\u00e8re: Meven LEFRANC<br \/>\nVice-tr\u00e9sori\u00e8re: Thibaud PERRIGAULT<\/p>\n<p>Secr\u00e9taire: Flore MILLET<br \/>\nVice-secr\u00e9taire: Maeva LENEPVEU[\/vc_column_text]<div class=\"vcex-spacing wpex-w-100 wpex-clear\"><\/div>[\/vc_column][\/vc_row][vc_row][vc_column][vc_column_text]\n<h2>L&rsquo;APEL organise la soir\u00e9e festive de l&rsquo;\u00e9cole le samedi 10 f\u00e9vrier 2024.<\/h2>\n<h2>Vous \u00eates tous les bienvenus.<\/h2>\n<h2><\/h2>\n[\/vc_column_text][\/vc_column][\/vc_row]\n<\/div>","protected":false},"excerpt":{"rendered":"<p>[vc_row][vc_column][vc_column_text]L\u2019association se compose de\u00a035 membres. Bureau de l\u2019APEL Co-Pr\u00e9sidentes: Cyrielle LE GUEN, Coralie HULIN Vice-pr\u00e9sident: Marc VEILLARD Tr\u00e9sori\u00e8re: Meven LEFRANC Vice-tr\u00e9sori\u00e8re: Thibaud PERRIGAULT Secr\u00e9taire: Flore MILLET Vice-secr\u00e9taire: Maeva LENEPVEU[\/vc_column_text][\/vc_column][\/vc_row][vc_row][vc_column][vc_column_text] L&rsquo;APEL organise la soir\u00e9e festive de l&rsquo;\u00e9cole le samedi 10 f\u00e9vrier 2024. Vous \u00eates tous les bienvenus. [\/vc_column_text][\/vc_column][\/vc_row]<\/p>\n","protected":false},"author":1,"featured_media":0,"parent":0,"menu_order":0,"comment_status":"open","ping_status":"closed","template":"","meta":{"footnotes":""},"class_list":["post-481","page","type-page","status-publish","hentry","entry","no-media"],"aioseo_notices":[],"_links":{"self":[{"href":"https:\/\/ecolesprivees-maternellesetprimaires-vitre.fr\/notredame\/wp-json\/wp\/v2\/pages\/481","targetHints":{"allow":["GET"]}}],"collection":[{"href":"https:\/\/ecolesprivees-maternellesetprimaires-vitre.fr\/notredame\/wp-json\/wp\/v2\/pages"}],"about":[{"href":"https:\/\/ecolesprivees-maternellesetprimaires-vitre.fr\/notredame\/wp-json\/wp\/v2\/types\/page"}],"author":[{"embeddable":true,"href":"https:\/\/ecolesprivees-maternellesetprimaires-vitre.fr\/notredame\/wp-json\/wp\/v2\/users\/1"}],"replies":[{"embeddable":true,"href":"https:\/\/ecolesprivees-maternellesetprimaires-vitre.fr\/notredame\/wp-json\/wp\/v2\/comments?post=481"}],"version-history":[{"count":28,"href":"https:\/\/ecolesprivees-maternellesetprimaires-vitre.fr\/notredame\/wp-json\/wp\/v2\/pages\/481\/revisions"}],"predecessor-version":[{"id":5875,"href":"https:\/\/ecolesprivees-maternellesetprimaires-vitre.fr\/notredame\/wp-json\/wp\/v2\/pages\/481\/revisions\/5875"}],"wp:attachment":[{"href":"https:\/\/ecolesprivees-maternellesetprimaires-vitre.fr\/notredame\/wp-json\/wp\/v2\/media?parent=481"}],"curies":[{"name":"wp","href":"https:\/\/api.w.org\/{rel}","templated":true}]}}