{"id":178,"date":"2013-03-29T16:33:00","date_gmt":"2013-03-29T15:33:00","guid":{"rendered":"http:\/\/happykidswp.creaws.com\/?page_id=178"},"modified":"2025-11-20T16:42:49","modified_gmt":"2025-11-20T15:42:49","slug":"accueil","status":"publish","type":"page","link":"https:\/\/ecolesprivees-maternellesetprimaires-vitre.fr\/notredame\/","title":{"rendered":"Accueil"},"content":{"rendered":"<div class=\"wpb-content-wrapper\">[vc_row][vc_column]<style>.vcex-heading.vcex_69e122ef05198 .vcex-heading-inner{border-color:#e94b46;}.vcex-heading.vcex_69e122ef05198{border-color:#e8e8e8;font-size:36px;}<\/style><div class=\"vcex-heading vcex-heading-bottom-border-w-color vcex-module wpex-heading wpex-text-2xl wpex-border-b-2 wpex-border-solid wpex-border-main vcex_69e122ef05198\"><span class=\"vcex-heading-inner wpex-inline-block wpex-relative wpex-pb-5 wpex-border-b-2 wpex-border-solid wpex-border-accent\">Accueil<\/span><\/div><div class=\"vcex-spacing wpex-w-100 wpex-clear\" style=\"height:40px;\"><\/div>[vc_single_image image=\u00a0\u00bb4414&Prime;][vc_column_text css=\u00a0\u00bb\u00a0\u00bb]\n<h1 style=\"text-align: center\"><span style=\"font-size: 36px;color: #ff0000\"><a href=\"https:\/\/ecolesprivees-maternellesetprimaires-vitre.fr\/notredame\/wp-content\/uploads\/sites\/9\/2025\/11\/AFFICHE-PORTES-OUVERTES.png\"><img loading=\"lazy\" decoding=\"async\" class=\"alignnone wp-image-10586\" src=\"https:\/\/ecolesprivees-maternellesetprimaires-vitre.fr\/notredame\/wp-content\/uploads\/sites\/9\/2025\/11\/AFFICHE-PORTES-OUVERTES-240x300.png\" alt=\"\" width=\"350\" height=\"438\" srcset=\"https:\/\/ecolesprivees-maternellesetprimaires-vitre.fr\/notredame\/wp-content\/uploads\/sites\/9\/2025\/11\/AFFICHE-PORTES-OUVERTES-240x300.png 240w, https:\/\/ecolesprivees-maternellesetprimaires-vitre.fr\/notredame\/wp-content\/uploads\/sites\/9\/2025\/11\/AFFICHE-PORTES-OUVERTES.png 320w\" sizes=\"auto, (max-width: 350px) 100vw, 350px\" \/><\/a><\/span><\/h1>\n<h2>L&rsquo;\u00e9cole primaire Notre-Dame de Vitr\u00e9 est une \u00e9cole de 8 classes allant de la TPS au CM2 :<\/h2>\n<p><span style=\"color: #3366ff\">&#8211; <span style=\"text-decoration: underline\">Classe de TPS\/PS<\/span><\/span><\/p>\n<p>Enseignante: St\u00e9phanie DAVOINE<br \/>\nASEM: Cindy DURAND<\/p>\n<p>&#8211; <span style=\"color: #3366ff;text-decoration: underline\">Classe de MS<\/span><\/p>\n<p>Enseignante: St\u00e9phanie DAULL<br \/>\nASEM: Christ\u00e8le COCHIN<\/p>\n<p>&#8211; <span style=\"color: #3366ff;text-decoration: underline\">Classe de GS<\/span><\/p>\n<p>Enseignantes: Florence JOSSET (lundi, mardi et vendredi), Pauline DENOUAL (le jeudi pour la d\u00e9charge de direction).<br \/>\nASEM: Aur\u00e9lie RUAULT<\/p>\n<p><span style=\"color: #3366ff\">&#8211;<span style=\"text-decoration: underline\"> Classe de CP\/CE1<\/span><\/span><\/p>\n<p>Enseignante: Sylvia LE GODAIS<\/p>\n<p><span style=\"color: #3366ff\">&#8211;<span style=\"text-decoration: underline\"> Classe de CP\/CE1<\/span><\/span><\/p>\n<p>Enseignante:\u00a0Christ\u00e8le BEUCHERE<\/p>\n<p>&#8211;<span style=\"color: #3366ff;text-decoration: underline\"> Classe de CE1\/CE2<\/span><\/p>\n<p>Enseignantes: Cl\u00e9mence DAVARD<\/p>\n<p>&#8211; <span style=\"color: #3366ff;text-decoration: underline\">Classe de CM1<\/span><\/p>\n<p>Enseignants: Camille BASILLAIS (mardi, jeudi et vendredi), Perrine CATELINE (lundi)<\/p>\n<p><span style=\"color: #3366ff\">&#8211; <span style=\"text-decoration: underline\">Classe de CM2<\/span><\/span><\/p>\n<p>Enseignantes: Virginie LE RIGUER (lundi, mardi, vendredi), Perrine CATELINE (jeudi)<\/p>\n<h2>Horaires de classe :<\/h2>\n<p>Pour les maternelles : 8H45-11H45 et 13H30-16H30<br \/>\nPour les primaires : 8H45-12H00 et 13H30-16H30<\/p>\n<h5 style=\"text-align: center\"><\/h5>\n[\/vc_column_text]<div class=\"vcex-spacing wpex-w-100 wpex-clear\"><\/div>[\/vc_column][vc_column][\/vc_column][\/vc_row]\n<\/div>","protected":false},"excerpt":{"rendered":"<p>[vc_row][vc_column][vc_single_image image=\u00a0\u00bb4414&Prime;][vc_column_text css=\u00a0\u00bb\u00a0\u00bb] L&rsquo;\u00e9cole primaire Notre-Dame de Vitr\u00e9 est une \u00e9cole de 8 classes allant de la TPS au CM2 : &#8211; Classe de TPS\/PS Enseignante: St\u00e9phanie DAVOINE ASEM: Cindy DURAND &#8211; Classe de MS Enseignante: St\u00e9phanie DAULL ASEM: Christ\u00e8le COCHIN &#8211; Classe de GS Enseignantes: Florence JOSSET (lundi, mardi et vendredi), Pauline DENOUAL (le&hellip;<\/p>\n","protected":false},"author":1,"featured_media":0,"parent":0,"menu_order":0,"comment_status":"closed","ping_status":"closed","template":"","meta":{"footnotes":""},"class_list":["post-178","page","type-page","status-publish","hentry","entry","no-media"],"aioseo_notices":[],"_links":{"self":[{"href":"https:\/\/ecolesprivees-maternellesetprimaires-vitre.fr\/notredame\/wp-json\/wp\/v2\/pages\/178","targetHints":{"allow":["GET"]}}],"collection":[{"href":"https:\/\/ecolesprivees-maternellesetprimaires-vitre.fr\/notredame\/wp-json\/wp\/v2\/pages"}],"about":[{"href":"https:\/\/ecolesprivees-maternellesetprimaires-vitre.fr\/notredame\/wp-json\/wp\/v2\/types\/page"}],"author":[{"embeddable":true,"href":"https:\/\/ecolesprivees-maternellesetprimaires-vitre.fr\/notredame\/wp-json\/wp\/v2\/users\/1"}],"replies":[{"embeddable":true,"href":"https:\/\/ecolesprivees-maternellesetprimaires-vitre.fr\/notredame\/wp-json\/wp\/v2\/comments?post=178"}],"version-history":[{"count":96,"href":"https:\/\/ecolesprivees-maternellesetprimaires-vitre.fr\/notredame\/wp-json\/wp\/v2\/pages\/178\/revisions"}],"predecessor-version":[{"id":10588,"href":"https:\/\/ecolesprivees-maternellesetprimaires-vitre.fr\/notredame\/wp-json\/wp\/v2\/pages\/178\/revisions\/10588"}],"wp:attachment":[{"href":"https:\/\/ecolesprivees-maternellesetprimaires-vitre.fr\/notredame\/wp-json\/wp\/v2\/media?parent=178"}],"curies":[{"name":"wp","href":"https:\/\/api.w.org\/{rel}","templated":true}]}}